{"id":1733,"date":"2026-04-30T13:07:42","date_gmt":"2026-04-30T13:07:42","guid":{"rendered":"https:\/\/transformative-vision-europe.com\/projets\/"},"modified":"2026-04-30T17:46:28","modified_gmt":"2026-04-30T17:46:28","slug":"projets","status":"publish","type":"page","link":"https:\/\/transformative-vision-europe.com\/fr\/projets\/","title":{"rendered":"Projets"},"content":{"rendered":"\t\t<div data-elementor-type=\"wp-page\" data-elementor-id=\"1733\" class=\"elementor elementor-1733 elementor-1480\">\n\t\t\t\t\t\t<section class=\"elementor-section elementor-top-section elementor-element elementor-element-1864c67 cspt-col-stretched-none cspt-bg-color-over-image elementor-section-boxed elementor-section-height-default elementor-section-height-default\" data-id=\"1864c67\" data-element_type=\"section\" data-e-type=\"section\">\n\t\t\t\t\t\t<div class=\"elementor-container elementor-column-gap-default\">\n\t\t\t\t\t<div class=\"elementor-column elementor-col-66 elementor-top-column elementor-element elementor-element-d987553 cspt-bg-color-over-image\" data-id=\"d987553\" data-element_type=\"column\" data-e-type=\"column\">\n\t\t\t<div class=\"elementor-widget-wrap elementor-element-populated\">\n\t\t\t\t\t\t<div class=\"elementor-element elementor-element-18ff118 elementor-widget-mobile__width-initial elementor-widget elementor-widget-cspt_blog_element\" data-id=\"18ff118\" data-element_type=\"widget\" data-e-type=\"widget\" data-widget_type=\"cspt_blog_element.default\">\n\t\t\t\t<div class=\"elementor-widget-container\">\n\t\t\t\t\t\r\n\t\t<div class=\"creativesplanet-element creativesplanet-element-blog cspt-element-blog-style-1 creativesplanet-element-viewtype-row-column creativesplanet-gap-15px\" data-show=\"3\" data-columns=\"1\" data-loop=\"false\" data-autoplay=\"false\" data-center=\"false\" data-nav=\"false\" data-dots=\"false\" data-autoplayspeed=\"1000\" data-margin=\"15px\" data-show-portion=\"false\"><div class=\"creativesplanet-element-inner\">\r\n\t\t\r\n\t\t\t<div class=\"cspt-ele-header-area\">\r\n\t\t\t\t\t<div class=\"cspt-heading-subheading left-align \"><h2 class=\"cspt-element-title\">\r\n\t\t\t\r\n\t\t\t\tVous trouverez ici nos nouveaux projets\r\n\t\t\t\r\n\t\t\t<\/h2>\r\n\t\t<\/div>\r\n\t\t\t\t\t\t\t\t\r\n\t\t\t<\/div>\r\n\r\n\t\t\t<div class=\"cspt-element-posts-wrapper row multi-columns-row\">\r\n\r\n\t\t\t<div class=\"cspt-ele cspt-blog-ele col-md-12 projets cspt-term-93\"><article class=\"creativesplanet-ele creativesplanet-ele-blog cspt-blogbox-style-1 post-1762 post type-post status-publish format-standard has-post-thumbnail hentry category-projets tag-accessibilite tag-education-financiere tag-inclusion tag-independance tag-stereotypes\">\r\n\t<div class=\"post-item\">\r\n\t\t<div class=\"cspt-featured-container\">\r\n\t\t\t<div class=\"cspt-featured-wrapper\"><a href=\"https:\/\/transformative-vision-europe.com\/fr\/2026\/02\/22\/qi-financier-briser-les-stereotypes-par-lautonomisation-financiere\/\"><img fetchpriority=\"high\" decoding=\"async\" width=\"770\" height=\"500\" src=\"https:\/\/transformative-vision-europe.com\/wp-content\/uploads\/2026\/02\/WhatsApp-Image-2026-02-22-at-17.25.10-770x500.jpeg\" class=\"attachment-cspt-img-770x500 size-cspt-img-770x500 wp-post-image\" alt=\"\" data-id=\"1732\" \/><\/a><\/div>\t\t\t<div class=\"cspt-meta-date\">22<span>F\u00e9v<\/span><\/div>\r\n\t\t<\/div>\r\n\t\t<div class=\"creativesplanet-box-content\">\r\n\t\t\t<div class=\"cspt-meta-container\">\r\n\t\t\t\t<div class=\"cspt-meta-author-wrapper cspt-meta-line\">\r\n\t\t\t\t\t<a href=\"https:\/\/transformative-vision-europe.com\/fr\/author\/roberta\/\" title=\"Posted by Transformative Vision Europe\" rel=\"author\"><i class=\"cspt-base-icon-user-1\"><\/i> by Transformative Vision Europe<\/a>\r\n\t\t\t\t<\/div>\r\n\t\t\t\t<div class=\"cspt-meta-date-wrapper cspt-meta-line\">\r\n\t\t\t\t\t<div class=\"cspt-meta-category\"><i class=\"cspt-base-icon-folder-open-empty\"><\/i> <a href=\"https:\/\/transformative-vision-europe.com\/fr\/category\/projets\/\" rel=\"category tag\">Projets<\/a><\/div>\r\n\t\t\t\t<\/div>\r\n\t\t\t\t<div class=\"cspt-meta-date-wrapper cspt-meta-line\">\r\n\t\t\t\t\t<i class=\"cspt-base-icon-comment-empty\"><\/i> <span class=\"cspt-meta cspt-meta-comments\">0<\/span>\r\n\t\t\t\t<\/div>\r\n\t\t\t\t\t\t\t\t\t\t\t<\/div>\r\n\t\t\t<h3 class=\"cspt-post-title\"><a href=\"https:\/\/transformative-vision-europe.com\/fr\/2026\/02\/22\/qi-financier-briser-les-stereotypes-par-lautonomisation-financiere\/\">QI financier : briser les st\u00e9r\u00e9otypes par l&rsquo;autonomisation financi\u00e8re<\/a><\/h3>\r\n\t\t\t<div class=\"creativesplanet-box-desc\">\r\n\t\t\t\t<div class=\"creativesplanet-box-desc-text\">\r\n\t\t\t\t\tNous lan\u00e7ons une nouvelle initiative s\u00e9lectionn\u00e9e dans le cadre du Fonds pour l'\u00e9ducation financi\u00e8re de la Fondation Roi Baudouin. QI financier vise \u00e0 rendre l'\u00e9ducation financi\u00e8re accessible \u00e0 tous tout\u2026\t\t\t\t<\/div>\r\n\t\t\t\t<div class=\"cspt-read-more-link\"><a href=\"https:\/\/transformative-vision-europe.com\/fr\/2026\/02\/22\/qi-financier-briser-les-stereotypes-par-lautonomisation-financiere\/\" title=\"QI financier : briser les st\u00e9r\u00e9otypes par l&rsquo;autonomisation financi\u00e8re\"><span>En savoir plus<\/span><\/a><\/div>\r\n\t\t\t<\/div>\r\n\t\t<\/div>\r\n\t<\/div>\r\n<\/article><\/div>\r\n\t\t\t<\/div>\r\n\t\t\t\r\n\t\t\t\r\n\t\t\t\r\n\t\t\r\n\t\t<\/div><!-- .creativesplanet-element-inner -->   <\/div><!-- .creativesplanet-element -->  \r\n\t    \t\t\t\t<\/div>\n\t\t\t\t<\/div>\n\t\t\t\t\t<\/div>\n\t\t<\/div>\n\t\t\t\t<div class=\"elementor-column elementor-col-33 elementor-top-column elementor-element elementor-element-8a24937 cspt-bg-color-over-image\" data-id=\"8a24937\" data-element_type=\"column\" data-e-type=\"column\">\n\t\t\t<div class=\"elementor-widget-wrap elementor-element-populated\">\n\t\t\t\t\t\t<div class=\"elementor-element elementor-element-050658c elementor-widget elementor-widget-sidebar\" data-id=\"050658c\" data-element_type=\"widget\" data-e-type=\"widget\" data-widget_type=\"sidebar.default\">\n\t\t\t\t<div class=\"elementor-widget-container\">\n\t\t\t\t\t<aside id=\"search-1\" class=\"widget widget_search\"><h2 class=\"widget-title\">Search<\/h2><form role=\"search\" method=\"get\" class=\"search-form\" action=\"https:\/\/transformative-vision-europe.com\/fr\/\">\r\n\t<label for=\"search-form-69f3ba643aeff\">\r\n\t\t<span class=\"screen-reader-text\">Search for:<\/span>\r\n\t<\/label>\r\n\t<input type=\"search\" id=\"search-form-69f3ba643aeff\" class=\"search-field\" placeholder=\"Search &hellip;\" value=\"\" name=\"s\" \/>\r\n\t<button type=\"submit\" class=\"search-submit\" title=\"Search \"><span class=\"screen-reader-text\">Search<\/span><\/button>\r\n<\/form>\r\n<\/aside><aside id=\"emphires_recent_posts_widget-1\" class=\"widget emphires_recent_posts_widget\"><h2 class=\"widget-title\">Recent Posts<\/h2><ul class=\"cspt-rpw-list\"><li><a href=\"https:\/\/transformative-vision-europe.com\/fr\/2026\/02\/22\/qi-financier-briser-les-stereotypes-par-lautonomisation-financiere\/\"><span class=\"cspt-rpw-img\"><img decoding=\"async\" width=\"150\" height=\"150\" src=\"https:\/\/transformative-vision-europe.com\/wp-content\/uploads\/2026\/02\/WhatsApp-Image-2026-02-22-at-17.25.10-150x150.jpeg\" class=\"attachment-thumbnail size-thumbnail wp-post-image\" alt=\"\" srcset=\"https:\/\/transformative-vision-europe.com\/wp-content\/uploads\/2026\/02\/WhatsApp-Image-2026-02-22-at-17.25.10-150x150.jpeg 150w, https:\/\/transformative-vision-europe.com\/wp-content\/uploads\/2026\/02\/WhatsApp-Image-2026-02-22-at-17.25.10-770x770.jpeg 770w, https:\/\/transformative-vision-europe.com\/wp-content\/uploads\/2026\/02\/WhatsApp-Image-2026-02-22-at-17.25.10-300x300.jpeg 300w, https:\/\/transformative-vision-europe.com\/wp-content\/uploads\/2026\/02\/WhatsApp-Image-2026-02-22-at-17.25.10-270x270.jpeg 270w\" sizes=\"(max-width: 150px) 100vw, 150px\" data-id=\"1732\" \/><\/span><\/a><span class=\"cspt-rpw-content\">\r\n\t\t\t\t\t\t<span class=\"cspt-rpw-title\"><a href=\"https:\/\/transformative-vision-europe.com\/fr\/2026\/02\/22\/qi-financier-briser-les-stereotypes-par-lautonomisation-financiere\/\">QI financier : briser les st\u00e9r\u00e9otypes par l&rsquo;autonomisation financi\u00e8re<\/a><\/span>\r\n\t\t\t\t\t\t<span class=\"cspt-rpw-date\"><a href=\"https:\/\/transformative-vision-europe.com\/fr\/2026\/02\/22\/qi-financier-briser-les-stereotypes-par-lautonomisation-financiere\/\">f\u00e9vrier 22, 2026<\/a><\/span>\r\n\t\t\t\t\t<\/span><\/li><li><a href=\"https:\/\/transformative-vision-europe.com\/fr\/2025\/12\/29\/transformative-vision-europe-organise-a-nouveau-les-20-km-de-bruxelles-rejoignez-nous\/\"><span class=\"cspt-rpw-img\"><img decoding=\"async\" width=\"150\" height=\"150\" src=\"https:\/\/transformative-vision-europe.com\/wp-content\/uploads\/2025\/12\/PHOTO-2025-12-28-21-22-22-150x150.png\" class=\"attachment-thumbnail size-thumbnail wp-post-image\" alt=\"\" srcset=\"https:\/\/transformative-vision-europe.com\/wp-content\/uploads\/2025\/12\/PHOTO-2025-12-28-21-22-22-150x150.png 150w, https:\/\/transformative-vision-europe.com\/wp-content\/uploads\/2025\/12\/PHOTO-2025-12-28-21-22-22-770x770.png 770w, https:\/\/transformative-vision-europe.com\/wp-content\/uploads\/2025\/12\/PHOTO-2025-12-28-21-22-22-300x300.png 300w, https:\/\/transformative-vision-europe.com\/wp-content\/uploads\/2025\/12\/PHOTO-2025-12-28-21-22-22-270x270.png 270w\" sizes=\"(max-width: 150px) 100vw, 150px\" data-id=\"1725\" \/><\/span><\/a><span class=\"cspt-rpw-content\">\r\n\t\t\t\t\t\t<span class=\"cspt-rpw-title\"><a href=\"https:\/\/transformative-vision-europe.com\/fr\/2025\/12\/29\/transformative-vision-europe-organise-a-nouveau-les-20-km-de-bruxelles-rejoignez-nous\/\">Transformative Vision Europe organise \u00e0 nouveau les 20 km de Bruxelles \u2014 Rejoignez-nous !<\/a><\/span>\r\n\t\t\t\t\t\t<span class=\"cspt-rpw-date\"><a href=\"https:\/\/transformative-vision-europe.com\/fr\/2025\/12\/29\/transformative-vision-europe-organise-a-nouveau-les-20-km-de-bruxelles-rejoignez-nous\/\">d\u00e9cembre 29, 2025<\/a><\/span>\r\n\t\t\t\t\t<\/span><\/li><li><a href=\"https:\/\/transformative-vision-europe.com\/fr\/2025\/03\/19\/briser-les-barrieres-aborder-les-consequences-des-stereotypes-et-des-prejuges-envers-les-personnes-en-situation-de-handicap\/\"><span class=\"cspt-rpw-img\"><img loading=\"lazy\" decoding=\"async\" width=\"150\" height=\"150\" src=\"https:\/\/transformative-vision-europe.com\/wp-content\/uploads\/2025\/03\/Visual-for-Blog-600-x-400-mm-150x150.png\" class=\"attachment-thumbnail size-thumbnail wp-post-image\" alt=\"\" srcset=\"https:\/\/transformative-vision-europe.com\/wp-content\/uploads\/2025\/03\/Visual-for-Blog-600-x-400-mm-150x150.png 150w, https:\/\/transformative-vision-europe.com\/wp-content\/uploads\/2025\/03\/Visual-for-Blog-600-x-400-mm-770x770.png 770w, https:\/\/transformative-vision-europe.com\/wp-content\/uploads\/2025\/03\/Visual-for-Blog-600-x-400-mm-300x300.png 300w, https:\/\/transformative-vision-europe.com\/wp-content\/uploads\/2025\/03\/Visual-for-Blog-600-x-400-mm-270x270.png 270w\" sizes=\"(max-width: 150px) 100vw, 150px\" data-id=\"1741\" \/><\/span><\/a><span class=\"cspt-rpw-content\">\r\n\t\t\t\t\t\t<span class=\"cspt-rpw-title\"><a href=\"https:\/\/transformative-vision-europe.com\/fr\/2025\/03\/19\/briser-les-barrieres-aborder-les-consequences-des-stereotypes-et-des-prejuges-envers-les-personnes-en-situation-de-handicap\/\">Briser les barri\u00e8res : Aborder les cons\u00e9quences des st\u00e9r\u00e9otypes et des pr\u00e9jug\u00e9s envers les personnes en situation de handicap<\/a><\/span>\r\n\t\t\t\t\t\t<span class=\"cspt-rpw-date\"><a href=\"https:\/\/transformative-vision-europe.com\/fr\/2025\/03\/19\/briser-les-barrieres-aborder-les-consequences-des-stereotypes-et-des-prejuges-envers-les-personnes-en-situation-de-handicap\/\">mars 19, 2025<\/a><\/span>\r\n\t\t\t\t\t<\/span><\/li><\/ul>    <\/aside><aside id=\"categories-2\" class=\"widget widget_categories\"><h2 class=\"widget-title\">Cat\u00e9gories<\/h2>\n\t\t\t<ul>\n\t\t\t\t\t<li class=\"cat-item cat-item-102\"><a href=\"https:\/\/transformative-vision-europe.com\/fr\/category\/evenements\/\">\u00c9v\u00e9nements<\/a> <span>1<\/span>\n<\/li>\n\t<li class=\"cat-item cat-item-93\"><a href=\"https:\/\/transformative-vision-europe.com\/fr\/category\/projets\/\">Projets<\/a> <span>1<\/span>\n<\/li>\n\t<li class=\"cat-item cat-item-79\"><a href=\"https:\/\/transformative-vision-europe.com\/fr\/category\/sensibilisation-au-handicap\/\">Sensibilisation au handicap<\/a> <span>1<\/span>\n<\/li>\n\t\t\t<\/ul>\n\n\t\t\t<\/aside><aside id=\"tag_cloud-1\" class=\"widget widget_tag_cloud\"><h2 class=\"widget-title\">\u00c9tiquettes<\/h2><div class=\"tagcloud\"><ul class='wp-tag-cloud' role='list'>\n\t<li><a href=\"https:\/\/transformative-vision-europe.com\/fr\/tag\/20-km-bruxelles\/\" class=\"tag-cloud-link tag-link-103 tag-link-position-1\" style=\"font-size: 1em;\">20 km Bruxelles<\/a><\/li>\n\t<li><a href=\"https:\/\/transformative-vision-europe.com\/fr\/tag\/accessibilite\/\" class=\"tag-cloud-link tag-link-99 tag-link-position-2\" style=\"font-size: 1em;\">Accessibilit\u00e9<\/a><\/li>\n\t<li><a href=\"https:\/\/transformative-vision-europe.com\/fr\/tag\/communaute\/\" class=\"tag-cloud-link tag-link-81 tag-link-position-3\" style=\"font-size: 1em;\">Communaut\u00e9<\/a><\/li>\n\t<li><a href=\"https:\/\/transformative-vision-europe.com\/fr\/tag\/droits-des-personnes-handicapees\/\" class=\"tag-cloud-link tag-link-83 tag-link-position-4\" style=\"font-size: 1em;\">droits des personnes handicap\u00e9es<\/a><\/li>\n\t<li><a href=\"https:\/\/transformative-vision-europe.com\/fr\/tag\/inclusion\/\" class=\"tag-cloud-link tag-link-82 tag-link-position-5\" style=\"font-size: 1em;\">Inclusion<\/a><\/li>\n\t<li><a href=\"https:\/\/transformative-vision-europe.com\/fr\/tag\/inclusion-des-personnes-handicapees\/\" class=\"tag-cloud-link tag-link-104 tag-link-position-6\" style=\"font-size: 1em;\">Inclusion des personnes handicap\u00e9es<\/a><\/li>\n\t<li><a href=\"https:\/\/transformative-vision-europe.com\/fr\/tag\/independance\/\" class=\"tag-cloud-link tag-link-98 tag-link-position-7\" style=\"font-size: 1em;\">Ind\u00e9pendance<\/a><\/li>\n\t<li><a href=\"https:\/\/transformative-vision-europe.com\/fr\/tag\/sensibilisation\/\" class=\"tag-cloud-link tag-link-80 tag-link-position-8\" style=\"font-size: 1em;\">Sensibilisation<\/a><\/li>\n\t<li><a href=\"https:\/\/transformative-vision-europe.com\/fr\/tag\/stereotypes\/\" class=\"tag-cloud-link tag-link-84 tag-link-position-9\" style=\"font-size: 1em;\">st\u00e9r\u00e9otypes<\/a><\/li>\n\t<li><a href=\"https:\/\/transformative-vision-europe.com\/fr\/tag\/education-financiere\/\" class=\"tag-cloud-link tag-link-97 tag-link-position-10\" style=\"font-size: 1em;\">\u00e9ducation financi\u00e8re<\/a><\/li>\n<\/ul>\n<\/div>\n<\/aside>\t\t\t\t<\/div>\n\t\t\t\t<\/div>\n\t\t\t\t\t<\/div>\n\t\t<\/div>\n\t\t\t\t\t<\/div>\n\t\t<\/section>\n\t\t\t\t<\/div>\n\t\t","protected":false},"excerpt":{"rendered":"<p>Vous trouverez ici nos nouveaux projets 22Feb by Transformative Vision Europe Projects 0 Financial IQ : Breaking stereotypes through financial empowerment We are launching a new initiative selected under the Fund for Financial Education of the King Baudouin Foundation. Financial IQ aims to make financial education accessible to everyone while dismantling&hellip; Read More<\/p>\n","protected":false},"author":2,"featured_media":0,"parent":0,"menu_order":0,"comment_status":"closed","ping_status":"closed","template":"elementor_theme","meta":{"_acf_changed":false,"footnotes":""},"class_list":["post-1733","page","type-page","status-publish","hentry"],"acf":[],"yoast_head":"<!-- This site is optimized with the Yoast SEO plugin v27.5 - https:\/\/yoast.com\/product\/yoast-seo-wordpress\/ -->\n<title>Projets - Transformative Vision Europe<\/title>\n<meta name=\"robots\" content=\"index, follow, max-snippet:-1, max-image-preview:large, max-video-preview:-1\" \/>\n<link rel=\"canonical\" href=\"https:\/\/transformative-vision-europe.com\/fr\/projets\/\" \/>\n<meta property=\"og:locale\" content=\"fr_FR\" \/>\n<meta property=\"og:type\" content=\"article\" \/>\n<meta property=\"og:title\" content=\"Projets - Transformative Vision Europe\" \/>\n<meta property=\"og:description\" content=\"Vous trouverez ici nos nouveaux projets 22Feb by Transformative Vision Europe Projects 0 Financial IQ : Breaking stereotypes through financial empowerment We are launching a new initiative selected under the Fund for Financial Education of the King Baudouin Foundation. Financial IQ aims to make financial education accessible to everyone while dismantling&hellip; Read More\" \/>\n<meta property=\"og:url\" content=\"https:\/\/transformative-vision-europe.com\/fr\/projets\/\" \/>\n<meta property=\"og:site_name\" content=\"Transformative Vision Europe\" \/>\n<meta property=\"article:modified_time\" content=\"2026-04-30T17:46:28+00:00\" \/>\n<meta property=\"og:image\" content=\"https:\/\/transformative-vision-europe.com\/wp-content\/uploads\/2026\/02\/WhatsApp-Image-2026-02-22-at-17.25.10-770x500.jpeg\" \/>\n<meta name=\"twitter:card\" content=\"summary_large_image\" \/>\n<script type=\"application\/ld+json\" class=\"yoast-schema-graph\">{\"@context\":\"https:\\\/\\\/schema.org\",\"@graph\":[{\"@type\":\"WebPage\",\"@id\":\"https:\\\/\\\/transformative-vision-europe.com\\\/fr\\\/projets\\\/\",\"url\":\"https:\\\/\\\/transformative-vision-europe.com\\\/fr\\\/projets\\\/\",\"name\":\"Projets - Transformative Vision Europe\",\"isPartOf\":{\"@id\":\"https:\\\/\\\/transformative-vision-europe.com\\\/fr\\\/#website\"},\"primaryImageOfPage\":{\"@id\":\"https:\\\/\\\/transformative-vision-europe.com\\\/fr\\\/projets\\\/#primaryimage\"},\"image\":{\"@id\":\"https:\\\/\\\/transformative-vision-europe.com\\\/fr\\\/projets\\\/#primaryimage\"},\"thumbnailUrl\":\"https:\\\/\\\/transformative-vision-europe.com\\\/wp-content\\\/uploads\\\/2026\\\/02\\\/WhatsApp-Image-2026-02-22-at-17.25.10-770x500.jpeg\",\"datePublished\":\"2026-04-30T13:07:42+00:00\",\"dateModified\":\"2026-04-30T17:46:28+00:00\",\"breadcrumb\":{\"@id\":\"https:\\\/\\\/transformative-vision-europe.com\\\/fr\\\/projets\\\/#breadcrumb\"},\"inLanguage\":\"fr-FR\",\"potentialAction\":[{\"@type\":\"ReadAction\",\"target\":[\"https:\\\/\\\/transformative-vision-europe.com\\\/fr\\\/projets\\\/\"]}]},{\"@type\":\"ImageObject\",\"inLanguage\":\"fr-FR\",\"@id\":\"https:\\\/\\\/transformative-vision-europe.com\\\/fr\\\/projets\\\/#primaryimage\",\"url\":\"https:\\\/\\\/transformative-vision-europe.com\\\/wp-content\\\/uploads\\\/2026\\\/02\\\/WhatsApp-Image-2026-02-22-at-17.25.10-770x500.jpeg\",\"contentUrl\":\"https:\\\/\\\/transformative-vision-europe.com\\\/wp-content\\\/uploads\\\/2026\\\/02\\\/WhatsApp-Image-2026-02-22-at-17.25.10-770x500.jpeg\"},{\"@type\":\"BreadcrumbList\",\"@id\":\"https:\\\/\\\/transformative-vision-europe.com\\\/fr\\\/projets\\\/#breadcrumb\",\"itemListElement\":[{\"@type\":\"ListItem\",\"position\":1,\"name\":\"Home\",\"item\":\"https:\\\/\\\/transformative-vision-europe.com\\\/fr\\\/accueil\\\/\"},{\"@type\":\"ListItem\",\"position\":2,\"name\":\"Projets\"}]},{\"@type\":\"WebSite\",\"@id\":\"https:\\\/\\\/transformative-vision-europe.com\\\/fr\\\/#website\",\"url\":\"https:\\\/\\\/transformative-vision-europe.com\\\/fr\\\/\",\"name\":\"Transformative Vision Europe\",\"description\":\"Breaking misinformation for an inclusive world\",\"potentialAction\":[{\"@type\":\"SearchAction\",\"target\":{\"@type\":\"EntryPoint\",\"urlTemplate\":\"https:\\\/\\\/transformative-vision-europe.com\\\/fr\\\/?s={search_term_string}\"},\"query-input\":{\"@type\":\"PropertyValueSpecification\",\"valueRequired\":true,\"valueName\":\"search_term_string\"}}],\"inLanguage\":\"fr-FR\"}]}<\/script>\n<!-- \/ Yoast SEO plugin. -->","yoast_head_json":{"title":"Projets - Transformative Vision Europe","robots":{"index":"index","follow":"follow","max-snippet":"max-snippet:-1","max-image-preview":"max-image-preview:large","max-video-preview":"max-video-preview:-1"},"canonical":"https:\/\/transformative-vision-europe.com\/fr\/projets\/","og_locale":"fr_FR","og_type":"article","og_title":"Projets - Transformative Vision Europe","og_description":"Vous trouverez ici nos nouveaux projets 22Feb by Transformative Vision Europe Projects 0 Financial IQ : Breaking stereotypes through financial empowerment We are launching a new initiative selected under the Fund for Financial Education of the King Baudouin Foundation. Financial IQ aims to make financial education accessible to everyone while dismantling&hellip; Read More","og_url":"https:\/\/transformative-vision-europe.com\/fr\/projets\/","og_site_name":"Transformative Vision Europe","article_modified_time":"2026-04-30T17:46:28+00:00","og_image":[{"url":"https:\/\/transformative-vision-europe.com\/wp-content\/uploads\/2026\/02\/WhatsApp-Image-2026-02-22-at-17.25.10-770x500.jpeg","type":"","width":"","height":""}],"twitter_card":"summary_large_image","schema":{"@context":"https:\/\/schema.org","@graph":[{"@type":"WebPage","@id":"https:\/\/transformative-vision-europe.com\/fr\/projets\/","url":"https:\/\/transformative-vision-europe.com\/fr\/projets\/","name":"Projets - Transformative Vision Europe","isPartOf":{"@id":"https:\/\/transformative-vision-europe.com\/fr\/#website"},"primaryImageOfPage":{"@id":"https:\/\/transformative-vision-europe.com\/fr\/projets\/#primaryimage"},"image":{"@id":"https:\/\/transformative-vision-europe.com\/fr\/projets\/#primaryimage"},"thumbnailUrl":"https:\/\/transformative-vision-europe.com\/wp-content\/uploads\/2026\/02\/WhatsApp-Image-2026-02-22-at-17.25.10-770x500.jpeg","datePublished":"2026-04-30T13:07:42+00:00","dateModified":"2026-04-30T17:46:28+00:00","breadcrumb":{"@id":"https:\/\/transformative-vision-europe.com\/fr\/projets\/#breadcrumb"},"inLanguage":"fr-FR","potentialAction":[{"@type":"ReadAction","target":["https:\/\/transformative-vision-europe.com\/fr\/projets\/"]}]},{"@type":"ImageObject","inLanguage":"fr-FR","@id":"https:\/\/transformative-vision-europe.com\/fr\/projets\/#primaryimage","url":"https:\/\/transformative-vision-europe.com\/wp-content\/uploads\/2026\/02\/WhatsApp-Image-2026-02-22-at-17.25.10-770x500.jpeg","contentUrl":"https:\/\/transformative-vision-europe.com\/wp-content\/uploads\/2026\/02\/WhatsApp-Image-2026-02-22-at-17.25.10-770x500.jpeg"},{"@type":"BreadcrumbList","@id":"https:\/\/transformative-vision-europe.com\/fr\/projets\/#breadcrumb","itemListElement":[{"@type":"ListItem","position":1,"name":"Home","item":"https:\/\/transformative-vision-europe.com\/fr\/accueil\/"},{"@type":"ListItem","position":2,"name":"Projets"}]},{"@type":"WebSite","@id":"https:\/\/transformative-vision-europe.com\/fr\/#website","url":"https:\/\/transformative-vision-europe.com\/fr\/","name":"Transformative Vision Europe","description":"Breaking misinformation for an inclusive world","potentialAction":[{"@type":"SearchAction","target":{"@type":"EntryPoint","urlTemplate":"https:\/\/transformative-vision-europe.com\/fr\/?s={search_term_string}"},"query-input":{"@type":"PropertyValueSpecification","valueRequired":true,"valueName":"search_term_string"}}],"inLanguage":"fr-FR"}]}},"_links":{"self":[{"href":"https:\/\/transformative-vision-europe.com\/fr\/wp-json\/wp\/v2\/pages\/1733","targetHints":{"allow":["GET"]}}],"collection":[{"href":"https:\/\/transformative-vision-europe.com\/fr\/wp-json\/wp\/v2\/pages"}],"about":[{"href":"https:\/\/transformative-vision-europe.com\/fr\/wp-json\/wp\/v2\/types\/page"}],"author":[{"embeddable":true,"href":"https:\/\/transformative-vision-europe.com\/fr\/wp-json\/wp\/v2\/users\/2"}],"replies":[{"embeddable":true,"href":"https:\/\/transformative-vision-europe.com\/fr\/wp-json\/wp\/v2\/comments?post=1733"}],"version-history":[{"count":1,"href":"https:\/\/transformative-vision-europe.com\/fr\/wp-json\/wp\/v2\/pages\/1733\/revisions"}],"predecessor-version":[{"id":1734,"href":"https:\/\/transformative-vision-europe.com\/fr\/wp-json\/wp\/v2\/pages\/1733\/revisions\/1734"}],"wp:attachment":[{"href":"https:\/\/transformative-vision-europe.com\/fr\/wp-json\/wp\/v2\/media?parent=1733"}],"curies":[{"name":"wp","href":"https:\/\/api.w.org\/{rel}","templated":true}]}}