{"id":1649,"date":"2024-07-03T14:36:42","date_gmt":"2024-07-03T14:36:42","guid":{"rendered":"https:\/\/transformative-vision-europe.com\/rejoignez-nous\/"},"modified":"2026-04-30T14:50:26","modified_gmt":"2026-04-30T14:50:26","slug":"rejoignez-nous","status":"publish","type":"page","link":"https:\/\/transformative-vision-europe.com\/fr\/rejoignez-nous\/","title":{"rendered":"Rejoignez-nous"},"content":{"rendered":"\t\t<div data-elementor-type=\"wp-page\" data-elementor-id=\"1649\" class=\"elementor elementor-1649 elementor-536\">\n\t\t\t\t\t\t<section class=\"elementor-section elementor-top-section elementor-element elementor-element-55857f0 cspt-col-stretched-none cspt-bg-color-over-image elementor-section-boxed elementor-section-height-default elementor-section-height-default\" data-id=\"55857f0\" data-element_type=\"section\" data-e-type=\"section\">\n\t\t\t\t\t\t<div class=\"elementor-container elementor-column-gap-default\">\n\t\t\t\t\t<div class=\"elementor-column elementor-col-100 elementor-top-column elementor-element elementor-element-b4da1d5 cspt-bg-color-over-image\" data-id=\"b4da1d5\" data-element_type=\"column\" data-e-type=\"column\">\n\t\t\t<div class=\"elementor-widget-wrap elementor-element-populated\">\n\t\t\t\t\t\t<div class=\"elementor-element elementor-element-be8763f elementor-widget elementor-widget-spacer\" data-id=\"be8763f\" data-element_type=\"widget\" data-e-type=\"widget\" data-widget_type=\"spacer.default\">\n\t\t\t\t<div class=\"elementor-widget-container\">\n\t\t\t\t\t\t\t<div class=\"elementor-spacer\">\n\t\t\t<div class=\"elementor-spacer-inner\"><\/div>\n\t\t<\/div>\n\t\t\t\t\t\t<\/div>\n\t\t\t\t<\/div>\n\t\t\t\t\t<\/div>\n\t\t<\/div>\n\t\t\t\t\t<\/div>\n\t\t<\/section>\n\t\t\t\t<section class=\"elementor-section elementor-top-section elementor-element elementor-element-489c396 cspt-col-stretched-none cspt-bg-color-over-image elementor-section-boxed elementor-section-height-default elementor-section-height-default\" data-id=\"489c396\" data-element_type=\"section\" data-e-type=\"section\">\n\t\t\t\t\t\t<div class=\"elementor-container elementor-column-gap-default\">\n\t\t\t\t\t<div class=\"elementor-column elementor-col-100 elementor-top-column elementor-element elementor-element-54d0a72 cspt-bg-color-over-image\" data-id=\"54d0a72\" data-element_type=\"column\" data-e-type=\"column\">\n\t\t\t<div class=\"elementor-widget-wrap elementor-element-populated\">\n\t\t\t\t\t\t<div class=\"elementor-element elementor-element-1de8a28 cspt-align-left elementor-widget elementor-widget-cspt_heading\" data-id=\"1de8a28\" data-element_type=\"widget\" data-e-type=\"widget\" data-widget_type=\"cspt_heading.default\">\n\t\t\t\t<div class=\"elementor-widget-container\">\n\t\t\t\t\t\t<div class=\"cspt-heading-subheading left-align \"><h2 class=\"cspt-element-title\">\r\n\t\t\t\r\n\t\t\t\tChez Transformative Vision Europe, nous sommes tr\u00e8s heureux de vous accueillir si vous souhaitez nous rejoindre en tant que b\u00e9n\u00e9voles.\r\n\t\t\t\r\n\t\t\t<\/h2>\r\n\t\t<h4 class=\"cspt-element-subtitle\">\r\n\t\t\t\r\n\t\t\t\tVotre temps est l\u2019un des cadeaux les plus pr\u00e9cieux que nous puissions recevoir.\nVous pouvez \u00e9galement devenir membres ou ambassadeurs si vous le souhaitez.\n\r\n\t\t\t\r\n\t\t\t<\/h4>\r\n\t\t<\/div>\t\t\t\t<\/div>\n\t\t\t\t<\/div>\n\t\t\t\t\t<\/div>\n\t\t<\/div>\n\t\t\t\t\t<\/div>\n\t\t<\/section>\n\t\t\t\t<section class=\"elementor-section elementor-top-section elementor-element elementor-element-bc9a49b cspt-col-stretched-none cspt-bg-color-over-image elementor-section-boxed elementor-section-height-default elementor-section-height-default\" data-id=\"bc9a49b\" data-element_type=\"section\" data-e-type=\"section\">\n\t\t\t\t\t\t<div class=\"elementor-container elementor-column-gap-default\">\n\t\t\t\t\t<div class=\"elementor-column elementor-col-100 elementor-top-column elementor-element elementor-element-5abcad1 cspt-bg-color-over-image\" data-id=\"5abcad1\" data-element_type=\"column\" data-e-type=\"column\">\n\t\t\t<div class=\"elementor-widget-wrap elementor-element-populated\">\n\t\t\t\t\t\t<div class=\"elementor-element elementor-element-cab78c4 elementor-widget elementor-widget-spacer\" data-id=\"cab78c4\" data-element_type=\"widget\" data-e-type=\"widget\" data-widget_type=\"spacer.default\">\n\t\t\t\t<div class=\"elementor-widget-container\">\n\t\t\t\t\t\t\t<div class=\"elementor-spacer\">\n\t\t\t<div class=\"elementor-spacer-inner\"><\/div>\n\t\t<\/div>\n\t\t\t\t\t\t<\/div>\n\t\t\t\t<\/div>\n\t\t\t\t\t<\/div>\n\t\t<\/div>\n\t\t\t\t\t<\/div>\n\t\t<\/section>\n\t\t\t\t<div class=\"elementor-section elementor-top-section elementor-element elementor-element-5e77137 cspt-bg-color-yes cspt-elementor-bg-color-globalcolor cspt-text-color-white cspt-bg-image-over-color elementor-section-stretched elementor-section-height-min-height elementor-section-content-top cspt-col-stretched-none elementor-section-boxed elementor-section-height-default elementor-section-items-middle\" data-id=\"5e77137\" data-element_type=\"section\" data-e-type=\"section\" data-settings=\"{&quot;stretch_section&quot;:&quot;section-stretched&quot;,&quot;background_background&quot;:&quot;classic&quot;}\">\n\t\t\t\t\t\t<div class=\"elementor-container elementor-column-gap-default\">\n\t\t\t\t\t<div class=\"elementor-column elementor-col-100 elementor-top-column elementor-element elementor-element-83c8a4d cspt-bg-image-over-color\" data-id=\"83c8a4d\" data-element_type=\"column\" data-e-type=\"column\">\n\t\t\t<div class=\"elementor-widget-wrap elementor-element-populated\">\n\t\t\t\t\t\t<div class=\"elementor-element elementor-element-6571425 cspt-align-center elementor-widget elementor-widget-cspt_heading\" data-id=\"6571425\" data-element_type=\"widget\" data-e-type=\"widget\" data-widget_type=\"cspt_heading.default\">\n\t\t\t\t<div class=\"elementor-widget-container\">\n\t\t\t\t\t\t<div class=\"cspt-heading-subheading center-align cspt-reverse-heading-yes\"><h2 class=\"cspt-element-title\">\r\n\t\t\t<a href=\"https:\/\/transformative-vision-europe.com\/fr\/nous-contacter\/\"><span>\r\n\t\t\t\tSi vous avez des questions, vous pouvez <em>nous contacter.<\/em> \r\n\t\t\t<\/span><\/a>\r\n\t\t\t<\/h2>\r\n\t\t<\/div>\t\t\t\t<\/div>\n\t\t\t\t<\/div>\n\t\t\t\t\t<\/div>\n\t\t<\/div>\n\t\t\t\t\t<\/div>\n\t\t<\/div>\n\t\t\t\t<section class=\"elementor-section elementor-top-section elementor-element elementor-element-5c6314a cspt-bg-color-yes cspt-elementor-bg-color-blackish cspt-text-color-white cspt-bg-image-over-color elementor-section-stretched cspt-col-stretched-none elementor-section-boxed elementor-section-height-default elementor-section-height-default\" data-id=\"5c6314a\" data-element_type=\"section\" data-e-type=\"section\" data-settings=\"{&quot;stretch_section&quot;:&quot;section-stretched&quot;,&quot;background_background&quot;:&quot;classic&quot;}\">\n\t\t\t\t\t\t<div class=\"elementor-container elementor-column-gap-no\">\n\t\t\t\t\t<div class=\"elementor-column elementor-col-100 elementor-top-column elementor-element elementor-element-5e06bad cspt-bg-image-over-color\" data-id=\"5e06bad\" data-element_type=\"column\" data-e-type=\"column\">\n\t\t\t<div class=\"elementor-widget-wrap elementor-element-populated\">\n\t\t\t\t\t\t<div class=\"elementor-element elementor-element-7408fa8 elementor-widget elementor-widget-cspt_icon_heading\" data-id=\"7408fa8\" data-element_type=\"widget\" data-e-type=\"widget\" data-widget_type=\"cspt_icon_heading.default\">\n\t\t\t\t<div class=\"elementor-widget-container\">\n\t\t\t\t\t<div  class=\"cspt-ihbox cspt-ihbox-style-10 \" >\r\n\t<div class=\"cspt-ihbox-box\">\r\n\t\t<div class=\"cspt-ihbox-headingicon d-flex \">\r\n\t\t\t<div class=\"cspt-ihbox-icon\"><div class=\"cspt-ihbox-icon-wrapper\"><i class=\"cspt-emphires-icon cspt-emphires-icon-customer-service\"><\/i><\/div><\/div>\t\t\t<div class=\"cspt-ihbox-contents\">\r\n\t\t\t\t<h4 class=\"cspt-ihbox-subheading\">\r\n\t\t\t\t\t\r\n\t\t\t\t\t\tVous pouvez \u00e9galement venir nous rencontrer en personne, nous serions ravis de faire votre connaissance. Veuillez prendre rendez-vous par t\u00e9l\u00e9phone ou par e-mail.\r\n\t\t\t\t\t\r\n\t\t\t\t\t<\/h4>\r\n\t\t\t\t\t\t\t\t<h2 class=\"cspt-ihbox-heading\">\r\n\t\t\t\t\t\r\n\t\t\t\t\t\t\n\r\n\t\t\t\t\t\r\n\t\t\t\t\t<\/h2>\r\n\t\t\t\t\t\t\t\t\t\t\t\t\t\t\t<\/div><!-- .cspt-ihbox-contents -->\r\n\t\t<\/div>\r\n\t<\/div>\r\n<\/div>\t\t\t\t<\/div>\n\t\t\t\t<\/div>\n\t\t\t\t\t<\/div>\n\t\t<\/div>\n\t\t\t\t\t<\/div>\n\t\t<\/section>\n\t\t\t\t<\/div>\n\t\t","protected":false},"excerpt":{"rendered":"<p>Chez Transformative Vision Europe, nous sommes tr\u00e8s heureux de vous accueillir si vous souhaitez nous rejoindre en tant que b\u00e9n\u00e9voles. Votre temps est l\u2019un des cadeaux les plus pr\u00e9cieux que nous puissions recevoir. Vous pouvez \u00e9galement devenir membres ou ambassadeurs si vous le souhaitez. Si vous avez des questions, vous pouvez nous contacter. Vous pouvez [&hellip;]<\/p>\n","protected":false},"author":1,"featured_media":0,"parent":0,"menu_order":0,"comment_status":"closed","ping_status":"closed","template":"","meta":{"_acf_changed":false,"footnotes":""},"class_list":["post-1649","page","type-page","status-publish","hentry"],"acf":[],"yoast_head":"<!-- This site is optimized with the Yoast SEO plugin v27.5 - https:\/\/yoast.com\/product\/yoast-seo-wordpress\/ -->\n<title>Rejoignez-nous - Transformative Vision Europe<\/title>\n<meta name=\"robots\" content=\"index, follow, max-snippet:-1, max-image-preview:large, max-video-preview:-1\" \/>\n<link rel=\"canonical\" href=\"https:\/\/transformative-vision-europe.com\/fr\/rejoignez-nous\/\" \/>\n<meta property=\"og:locale\" content=\"fr_FR\" \/>\n<meta property=\"og:type\" content=\"article\" \/>\n<meta property=\"og:title\" content=\"Rejoignez-nous - Transformative Vision Europe\" \/>\n<meta property=\"og:description\" content=\"Chez Transformative Vision Europe, nous sommes tr\u00e8s heureux de vous accueillir si vous souhaitez nous rejoindre en tant que b\u00e9n\u00e9voles. Votre temps est l\u2019un des cadeaux les plus pr\u00e9cieux que nous puissions recevoir. Vous pouvez \u00e9galement devenir membres ou ambassadeurs si vous le souhaitez. Si vous avez des questions, vous pouvez nous contacter. Vous pouvez [&hellip;]\" \/>\n<meta property=\"og:url\" content=\"https:\/\/transformative-vision-europe.com\/fr\/rejoignez-nous\/\" \/>\n<meta property=\"og:site_name\" content=\"Transformative Vision Europe\" \/>\n<meta property=\"article:modified_time\" content=\"2026-04-30T14:50:26+00:00\" \/>\n<meta name=\"twitter:card\" content=\"summary_large_image\" \/>\n<meta name=\"twitter:label1\" content=\"Dur\u00e9e de lecture estim\u00e9e\" \/>\n\t<meta name=\"twitter:data1\" content=\"1 minute\" \/>\n<script type=\"application\/ld+json\" class=\"yoast-schema-graph\">{\"@context\":\"https:\\\/\\\/schema.org\",\"@graph\":[{\"@type\":\"WebPage\",\"@id\":\"https:\\\/\\\/transformative-vision-europe.com\\\/fr\\\/rejoignez-nous\\\/\",\"url\":\"https:\\\/\\\/transformative-vision-europe.com\\\/fr\\\/rejoignez-nous\\\/\",\"name\":\"Rejoignez-nous - Transformative Vision Europe\",\"isPartOf\":{\"@id\":\"https:\\\/\\\/transformative-vision-europe.com\\\/fr\\\/#website\"},\"datePublished\":\"2024-07-03T14:36:42+00:00\",\"dateModified\":\"2026-04-30T14:50:26+00:00\",\"breadcrumb\":{\"@id\":\"https:\\\/\\\/transformative-vision-europe.com\\\/fr\\\/rejoignez-nous\\\/#breadcrumb\"},\"inLanguage\":\"fr-FR\",\"potentialAction\":[{\"@type\":\"ReadAction\",\"target\":[\"https:\\\/\\\/transformative-vision-europe.com\\\/fr\\\/rejoignez-nous\\\/\"]}]},{\"@type\":\"BreadcrumbList\",\"@id\":\"https:\\\/\\\/transformative-vision-europe.com\\\/fr\\\/rejoignez-nous\\\/#breadcrumb\",\"itemListElement\":[{\"@type\":\"ListItem\",\"position\":1,\"name\":\"Home\",\"item\":\"https:\\\/\\\/transformative-vision-europe.com\\\/fr\\\/accueil\\\/\"},{\"@type\":\"ListItem\",\"position\":2,\"name\":\"Rejoignez-nous\"}]},{\"@type\":\"WebSite\",\"@id\":\"https:\\\/\\\/transformative-vision-europe.com\\\/fr\\\/#website\",\"url\":\"https:\\\/\\\/transformative-vision-europe.com\\\/fr\\\/\",\"name\":\"Transformative Vision Europe\",\"description\":\"Breaking misinformation for an inclusive world\",\"potentialAction\":[{\"@type\":\"SearchAction\",\"target\":{\"@type\":\"EntryPoint\",\"urlTemplate\":\"https:\\\/\\\/transformative-vision-europe.com\\\/fr\\\/?s={search_term_string}\"},\"query-input\":{\"@type\":\"PropertyValueSpecification\",\"valueRequired\":true,\"valueName\":\"search_term_string\"}}],\"inLanguage\":\"fr-FR\"}]}<\/script>\n<!-- \/ Yoast SEO plugin. -->","yoast_head_json":{"title":"Rejoignez-nous - Transformative Vision Europe","robots":{"index":"index","follow":"follow","max-snippet":"max-snippet:-1","max-image-preview":"max-image-preview:large","max-video-preview":"max-video-preview:-1"},"canonical":"https:\/\/transformative-vision-europe.com\/fr\/rejoignez-nous\/","og_locale":"fr_FR","og_type":"article","og_title":"Rejoignez-nous - Transformative Vision Europe","og_description":"Chez Transformative Vision Europe, nous sommes tr\u00e8s heureux de vous accueillir si vous souhaitez nous rejoindre en tant que b\u00e9n\u00e9voles. Votre temps est l\u2019un des cadeaux les plus pr\u00e9cieux que nous puissions recevoir. Vous pouvez \u00e9galement devenir membres ou ambassadeurs si vous le souhaitez. Si vous avez des questions, vous pouvez nous contacter. Vous pouvez [&hellip;]","og_url":"https:\/\/transformative-vision-europe.com\/fr\/rejoignez-nous\/","og_site_name":"Transformative Vision Europe","article_modified_time":"2026-04-30T14:50:26+00:00","twitter_card":"summary_large_image","twitter_misc":{"Dur\u00e9e de lecture estim\u00e9e":"1 minute"},"schema":{"@context":"https:\/\/schema.org","@graph":[{"@type":"WebPage","@id":"https:\/\/transformative-vision-europe.com\/fr\/rejoignez-nous\/","url":"https:\/\/transformative-vision-europe.com\/fr\/rejoignez-nous\/","name":"Rejoignez-nous - Transformative Vision Europe","isPartOf":{"@id":"https:\/\/transformative-vision-europe.com\/fr\/#website"},"datePublished":"2024-07-03T14:36:42+00:00","dateModified":"2026-04-30T14:50:26+00:00","breadcrumb":{"@id":"https:\/\/transformative-vision-europe.com\/fr\/rejoignez-nous\/#breadcrumb"},"inLanguage":"fr-FR","potentialAction":[{"@type":"ReadAction","target":["https:\/\/transformative-vision-europe.com\/fr\/rejoignez-nous\/"]}]},{"@type":"BreadcrumbList","@id":"https:\/\/transformative-vision-europe.com\/fr\/rejoignez-nous\/#breadcrumb","itemListElement":[{"@type":"ListItem","position":1,"name":"Home","item":"https:\/\/transformative-vision-europe.com\/fr\/accueil\/"},{"@type":"ListItem","position":2,"name":"Rejoignez-nous"}]},{"@type":"WebSite","@id":"https:\/\/transformative-vision-europe.com\/fr\/#website","url":"https:\/\/transformative-vision-europe.com\/fr\/","name":"Transformative Vision Europe","description":"Breaking misinformation for an inclusive world","potentialAction":[{"@type":"SearchAction","target":{"@type":"EntryPoint","urlTemplate":"https:\/\/transformative-vision-europe.com\/fr\/?s={search_term_string}"},"query-input":{"@type":"PropertyValueSpecification","valueRequired":true,"valueName":"search_term_string"}}],"inLanguage":"fr-FR"}]}},"_links":{"self":[{"href":"https:\/\/transformative-vision-europe.com\/fr\/wp-json\/wp\/v2\/pages\/1649","targetHints":{"allow":["GET"]}}],"collection":[{"href":"https:\/\/transformative-vision-europe.com\/fr\/wp-json\/wp\/v2\/pages"}],"about":[{"href":"https:\/\/transformative-vision-europe.com\/fr\/wp-json\/wp\/v2\/types\/page"}],"author":[{"embeddable":true,"href":"https:\/\/transformative-vision-europe.com\/fr\/wp-json\/wp\/v2\/users\/1"}],"replies":[{"embeddable":true,"href":"https:\/\/transformative-vision-europe.com\/fr\/wp-json\/wp\/v2\/comments?post=1649"}],"version-history":[{"count":2,"href":"https:\/\/transformative-vision-europe.com\/fr\/wp-json\/wp\/v2\/pages\/1649\/revisions"}],"predecessor-version":[{"id":1708,"href":"https:\/\/transformative-vision-europe.com\/fr\/wp-json\/wp\/v2\/pages\/1649\/revisions\/1708"}],"wp:attachment":[{"href":"https:\/\/transformative-vision-europe.com\/fr\/wp-json\/wp\/v2\/media?parent=1649"}],"curies":[{"name":"wp","href":"https:\/\/api.w.org\/{rel}","templated":true}]}}