{"id":1552,"date":"2019-06-18T06:58:53","date_gmt":"2019-06-18T06:58:53","guid":{"rendered":"https:\/\/transformative-vision-europe.com\/nous-contacter\/"},"modified":"2026-04-30T14:52:02","modified_gmt":"2026-04-30T14:52:02","slug":"nous-contacter","status":"publish","type":"page","link":"https:\/\/transformative-vision-europe.com\/fr\/nous-contacter\/","title":{"rendered":"Nous contacter"},"content":{"rendered":"\t\t<div data-elementor-type=\"wp-page\" data-elementor-id=\"1552\" class=\"elementor elementor-1552 elementor-108\">\n\t\t\t\t\t\t<div class=\"elementor-section elementor-top-section elementor-element elementor-element-bce7185 cspt-bg-color-yes cspt-elementor-bg-color-white elementor-section-stretched cspt-col-stretched-none cspt-bg-color-over-image elementor-section-boxed elementor-section-height-default elementor-section-height-default\" data-id=\"bce7185\" data-element_type=\"section\" data-e-type=\"section\" data-settings=\"{&quot;stretch_section&quot;:&quot;section-stretched&quot;}\">\n\t\t\t\t\t\t<div class=\"elementor-container elementor-column-gap-no\">\n\t\t\t\t\t<div class=\"elementor-column elementor-col-100 elementor-top-column elementor-element elementor-element-8a5f6fd cspt-bg-color-over-image\" data-id=\"8a5f6fd\" data-element_type=\"column\" data-e-type=\"column\">\n\t\t\t<div class=\"elementor-widget-wrap elementor-element-populated\">\n\t\t\t\t\t\t<div class=\"elementor-section elementor-inner-section elementor-element elementor-element-f9ef539 cspt-col-stretched-none cspt-bg-color-over-image elementor-section-boxed elementor-section-height-default elementor-section-height-default\" data-id=\"f9ef539\" data-element_type=\"section\" data-e-type=\"section\">\n\t\t\t\t\t\t<div class=\"elementor-container elementor-column-gap-no\">\n\t\t\t\t\t<div class=\"elementor-column elementor-col-50 elementor-inner-column elementor-element elementor-element-2c64a8b cspt-bg-color-over-image\" data-id=\"2c64a8b\" data-element_type=\"column\" data-e-type=\"column\">\n\t\t\t<div class=\"elementor-widget-wrap elementor-element-populated\">\n\t\t\t\t\t\t<div class=\"elementor-element elementor-element-6d23ad7 elementor-widget elementor-widget-cspt_icon_heading\" data-id=\"6d23ad7\" data-element_type=\"widget\" data-e-type=\"widget\" data-widget_type=\"cspt_icon_heading.default\">\n\t\t\t\t<div class=\"elementor-widget-container\">\n\t\t\t\t\t<div  class=\"cspt-ihbox cspt-ihbox-style-2 \" >\r\n\t<div class=\"cspt-ihbox-box\">\r\n\t\t<div class=\"cspt-ihbox-headingicon d-flex \">\r\n\t\t\t<div class=\"cspt-ihbox-icon\"><div class=\"cspt-ihbox-icon-wrapper\"><i class=\"cspt-emphires-icon cspt-emphires-icon-email\"><\/i><\/div><\/div>\t\t\t<div class=\"cspt-ihbox-contents\">\r\n\t\t\t\t<h2 class=\"cspt-ihbox-heading\">\r\n\t\t\t\t\t<a href=\"mailto:info@transformative-vision-europe.com\"><span>\r\n\t\t\t\t\t\tAdresse \u00e9lectronique\r\n\t\t\t\t\t<\/span><\/a>\r\n\t\t\t\t\t<\/h2>\r\n\t\t\t\t\t\t\t\t\t\t\t\t\t\t\t\t<div class=\"cspt-ihbox-btn\"><a href=\"mailto:info@transformative-vision-europe.com\" target=\"_blank\"><span>info@transformative-vision-europe.com<\/span><\/a><\/div>\t\t\t<\/div><!-- .cspt-ihbox-contents -->\r\n\t\t<\/div>\r\n\t<\/div>\r\n<\/div>\r\n\t\t\t\t<\/div>\n\t\t\t\t<\/div>\n\t\t\t\t\t<\/div>\n\t\t<\/div>\n\t\t\t\t<div class=\"elementor-column elementor-col-50 elementor-inner-column elementor-element elementor-element-2d129cd cspt-bg-color-over-image\" data-id=\"2d129cd\" data-element_type=\"column\" data-e-type=\"column\">\n\t\t\t<div class=\"elementor-widget-wrap elementor-element-populated\">\n\t\t\t\t\t\t<div class=\"elementor-element elementor-element-4192fe2 elementor-widget elementor-widget-cspt_icon_heading\" data-id=\"4192fe2\" data-element_type=\"widget\" data-e-type=\"widget\" data-widget_type=\"cspt_icon_heading.default\">\n\t\t\t\t<div class=\"elementor-widget-container\">\n\t\t\t\t\t<div  class=\"cspt-ihbox cspt-ihbox-style-2 \" >\r\n\t<div class=\"cspt-ihbox-box\">\r\n\t\t<div class=\"cspt-ihbox-headingicon d-flex \">\r\n\t\t\t<div class=\"cspt-ihbox-icon\"><div class=\"cspt-ihbox-icon-wrapper\"><i class=\"cspt-emphires-icon cspt-emphires-icon-call\"><\/i><\/div><\/div>\t\t\t<div class=\"cspt-ihbox-contents\">\r\n\t\t\t\t<h2 class=\"cspt-ihbox-heading\">\r\n\t\t\t\t\t\r\n\t\t\t\t\t\tT\u00e9l\u00e9phone\r\n\t\t\t\t\t\r\n\t\t\t\t\t<\/h2>\r\n\t\t\t\t\t\t\t\t\t\t\t\t<div class=\"cspt-ihbox-content\">\n\n<\/div>\t\t\t\t<div class=\"cspt-ihbox-btn\"><a href=\"tel:+32 465 26 97 58\" target=\"_blank\"><span>+32 465 26 97 58  <\/span><\/a><\/div>\t\t\t<\/div><!-- .cspt-ihbox-contents -->\r\n\t\t<\/div>\r\n\t<\/div>\r\n<\/div>\r\n\t\t\t\t<\/div>\n\t\t\t\t<\/div>\n\t\t\t\t\t<\/div>\n\t\t<\/div>\n\t\t\t\t\t<\/div>\n\t\t<\/div>\n\t\t\t\t\t<\/div>\n\t\t<\/div>\n\t\t\t\t\t<\/div>\n\t\t<\/div>\n\t\t\t\t<section class=\"elementor-section elementor-top-section elementor-element elementor-element-bd177d5 cspt-col-stretched-none cspt-bg-color-over-image elementor-section-boxed elementor-section-height-default elementor-section-height-default\" data-id=\"bd177d5\" data-element_type=\"section\" data-e-type=\"section\">\n\t\t\t\t\t\t<div class=\"elementor-container elementor-column-gap-default\">\n\t\t\t\t\t<div class=\"elementor-column elementor-col-100 elementor-top-column elementor-element elementor-element-422a14d cspt-bg-color-over-image\" data-id=\"422a14d\" data-element_type=\"column\" data-e-type=\"column\">\n\t\t\t<div class=\"elementor-widget-wrap elementor-element-populated\">\n\t\t\t\t\t\t<div class=\"elementor-element elementor-element-19ade06 elementor-widget elementor-widget-text-editor\" data-id=\"19ade06\" data-element_type=\"widget\" data-e-type=\"widget\" data-widget_type=\"text-editor.default\">\n\t\t\t\t<div class=\"elementor-widget-container\">\n\t\t\t\t\t\t\t\t\t<p>Si vous souhaitez nous rencontrer en personne, veuillez prendre rendez-vous via WhatsApp au num\u00e9ro ci-dessus ou en nous \u00e9crivant un courriel.<br><br><\/p>\t\t\t\t\t\t\t\t<\/div>\n\t\t\t\t<\/div>\n\t\t\t\t\t<\/div>\n\t\t<\/div>\n\t\t\t\t\t<\/div>\n\t\t<\/section>\n\t\t\t\t<div class=\"elementor-section elementor-top-section elementor-element elementor-element-d56d279 elementor-section-stretched cspt-col-stretched-none cspt-bg-color-over-image elementor-section-boxed elementor-section-height-default elementor-section-height-default\" data-id=\"d56d279\" data-element_type=\"section\" data-e-type=\"section\" data-settings=\"{&quot;stretch_section&quot;:&quot;section-stretched&quot;}\">\n\t\t\t\t\t\t<div class=\"elementor-container elementor-column-gap-no\">\n\t\t\t\t\t<div class=\"elementor-column elementor-col-100 elementor-top-column elementor-element elementor-element-2748055 cspt-bg-color-over-image\" data-id=\"2748055\" data-element_type=\"column\" data-e-type=\"column\">\n\t\t\t<div class=\"elementor-widget-wrap elementor-element-populated\">\n\t\t\t\t\t\t<div class=\"elementor-section elementor-inner-section elementor-element elementor-element-074d1fe cspt-bg-color-yes cspt-elementor-bg-color-white cspt-border-radius-1 cspt-box-shadow-1 cspt-col-stretched-none cspt-bg-color-over-image elementor-section-boxed elementor-section-height-default elementor-section-height-default\" data-id=\"074d1fe\" data-element_type=\"section\" data-e-type=\"section\">\n\t\t\t\t\t\t<div class=\"elementor-container elementor-column-gap-no\">\n\t\t\t\t\t<div class=\"elementor-column elementor-col-50 elementor-inner-column elementor-element elementor-element-93ea556 cspt-bg-color-over-image\" data-id=\"93ea556\" data-element_type=\"column\" data-e-type=\"column\">\n\t\t\t<div class=\"elementor-widget-wrap elementor-element-populated\">\n\t\t\t\t\t\t<div class=\"elementor-element elementor-element-8cad083 elementor-widget elementor-widget-text-editor\" data-id=\"8cad083\" data-element_type=\"widget\" data-e-type=\"widget\" data-widget_type=\"text-editor.default\">\n\t\t\t\t<div class=\"elementor-widget-container\">\n\t\t\t\t\t\t\t\t\t<h2>Besoin de plus d&rsquo;informations ?<br>Contactez-nous !<\/h2><p>Nous avons h\u00e2te de vous rencontrer et de construire ensemble une communaut\u00e9 plus inclusive !<\/p>\t\t\t\t\t\t\t\t<\/div>\n\t\t\t\t<\/div>\n\t\t\t\t<div class=\"elementor-element elementor-element-b223747 elementor-widget elementor-widget-text-editor\" data-id=\"b223747\" data-element_type=\"widget\" data-e-type=\"widget\" data-widget_type=\"text-editor.default\">\n\t\t\t\t<div class=\"elementor-widget-container\">\n\t\t\t\t\t\t\t\t\t<p><ul class=\"cspt-social-links\"><li class=\"cspt-social-li cspt-social-facebook\"><a   href=\"https:\/\/www.facebook.com\/61562889796647\/\" target=\"_blank\" title=\"Facebook\"><span><i class=\"cspt-base-icon-facebook-squared\"><\/i><\/span><\/a><\/li><li class=\"cspt-social-li cspt-social-linkedin\"><a   href=\"https:\/\/www.linkedin.com\/company\/transformative-vision-europe\/\" target=\"_blank\" title=\"LinkedIn\"><span><i class=\"cspt-base-icon-linkedin-squared\"><\/i><\/span><\/a><\/li><li class=\"cspt-social-li cspt-social-instagram\"><a   href=\"https:\/\/www.instagram.com\/transformativevisioneurope\/\" target=\"_blank\" title=\"Instagram\"><span><i class=\"cspt-base-icon-instagram\"><\/i><\/span><\/a><\/li><\/ul><\/p>\t\t\t\t\t\t\t\t<\/div>\n\t\t\t\t<\/div>\n\t\t\t\t\t<\/div>\n\t\t<\/div>\n\t\t\t\t<div class=\"elementor-column elementor-col-50 elementor-inner-column elementor-element elementor-element-a0ce293 cspt-bg-color-over-image\" data-id=\"a0ce293\" data-element_type=\"column\" data-e-type=\"column\" data-settings=\"{&quot;background_background&quot;:&quot;classic&quot;}\">\n\t\t\t<div class=\"elementor-widget-wrap elementor-element-populated\">\n\t\t\t\t\t\t<div class=\"elementor-element elementor-element-d6fff42 elementor-widget elementor-widget-shortcode\" data-id=\"d6fff42\" data-element_type=\"widget\" data-e-type=\"widget\" data-widget_type=\"shortcode.default\">\n\t\t\t\t<div class=\"elementor-widget-container\">\n\t\t\t\t\t\t\t<div class=\"elementor-shortcode\">\n<div class=\"wpcf7 no-js\" id=\"wpcf7-f1712-o1\" lang=\"fr-FR\" dir=\"ltr\" data-wpcf7-id=\"1712\">\n<div class=\"screen-reader-response\"><p role=\"status\" aria-live=\"polite\" aria-atomic=\"true\"><\/p> <ul><\/ul><\/div>\n<form action=\"\/fr\/wp-json\/wp\/v2\/pages\/1552#wpcf7-f1712-o1\" method=\"post\" class=\"wpcf7-form init\" aria-label=\"Formulaire de contact\" novalidate=\"novalidate\" data-status=\"init\">\n<fieldset class=\"hidden-fields-container\"><input type=\"hidden\" name=\"_wpcf7\" value=\"1712\" \/><input type=\"hidden\" name=\"_wpcf7_version\" value=\"6.1.5\" \/><input type=\"hidden\" name=\"_wpcf7_locale\" value=\"fr_FR\" \/><input type=\"hidden\" name=\"_wpcf7_unit_tag\" value=\"wpcf7-f1712-o1\" \/><input type=\"hidden\" name=\"_wpcf7_container_post\" value=\"0\" \/><input type=\"hidden\" name=\"_wpcf7_posted_data_hash\" value=\"\" \/><input type=\"hidden\" name=\"_wpcf7_recaptcha_response\" value=\"\" \/>\n<\/fieldset>\n<div class=\"cspt-main-form cspt-form-style-3\">\n\t<div class=\"row\">\n\t\t<div class=\"col-sm-12\">\n\t\t\t<div class=\"input-group\">\n\t\t\t\t<p><span class=\"wpcf7-form-control-wrap\" data-name=\"your-name\"><input size=\"40\" maxlength=\"400\" class=\"wpcf7-form-control wpcf7-text\" aria-invalid=\"false\" placeholder=\"Your Name\" value=\"\" type=\"text\" name=\"your-name\" \/><\/span>\n\t\t\t\t<\/p>\n\t\t\t<\/div>\n\t\t<\/div>\n\t\t<div class=\"col-sm-12\">\n\t\t\t<div class=\"input-group\">\n\t\t\t\t<p><span class=\"wpcf7-form-control-wrap\" data-name=\"your-email\"><input size=\"40\" maxlength=\"400\" class=\"wpcf7-form-control wpcf7-email wpcf7-validates-as-required wpcf7-text wpcf7-validates-as-email\" aria-required=\"true\" aria-invalid=\"false\" placeholder=\"Email address\" value=\"\" type=\"email\" name=\"your-email\" \/><\/span>\n\t\t\t\t<\/p>\n\t\t\t<\/div>\n\t\t<\/div>\n\t\t<div class=\"col-sm-12\">\n\t\t\t<div class=\"input-group\">\n\t\t\t\t<p><span class=\"wpcf7-form-control-wrap\" data-name=\"ChooseaTraining\"><select class=\"wpcf7-form-control wpcf7-select\" aria-invalid=\"false\" name=\"ChooseaTraining\"><option value=\"Choisir un sujet\">Choisir un sujet<\/option><option value=\"Devenir membre\">Devenir membre<\/option><option value=\"Devenir b\u00e9n\u00e9vole\">Devenir b\u00e9n\u00e9vole<\/option><option value=\"Informations g\u00e9n\u00e9rales\">Informations g\u00e9n\u00e9rales<\/option><option value=\"Dons\">Dons<\/option><option value=\"Autres\">Autres<\/option><\/select><\/span>\n\t\t\t\t<\/p>\n\t\t\t<\/div>\n\t\t<\/div>\n\t\t<div class=\"col-sm-12\">\n\t\t\t<div class=\"input-group input-button\">\n\t\t\t\t<p><span class=\"wpcf7-form-control-wrap\" data-name=\"message\"><textarea cols=\"10\" rows=\"5\" maxlength=\"2000\" class=\"wpcf7-form-control wpcf7-textarea\" aria-invalid=\"false\" placeholder=\"\u00c9crire un message\" name=\"message\"><\/textarea><\/span>\n\t\t\t\t<\/p>\n\t\t\t<\/div>\n\t\t<\/div>\n\t\t<div style=\"font-size:13px;color:#fff;\">\n\t\t\t<p><span class=\"wpcf7-form-control-wrap\" data-name=\"accettazione\"><span class=\"wpcf7-form-control wpcf7-acceptance\"><span class=\"wpcf7-list-item\"><label><input type=\"checkbox\" name=\"accettazione\" value=\"1\" aria-invalid=\"false\" \/><span class=\"wpcf7-list-item-label\">J\u2019ai lu la <a href=\"https:\/\/transformative-vision-europe.com\/privacy-policy\/\" target=\"_blank\">politique de confidentialit\u00e9*<\/a> et je consens au traitement de mes donn\u00e9es personnelles conform\u00e9ment aux articles 13 et 14 du RGPD 2016\/679.*<\/span><\/label><\/span><\/span><\/span>\n\t\t\t<\/p>\n\t\t<\/div>\n\t\t<div class=\"col-sm-12\">\n\t\t\t<div class=\"input-button\">\n\t\t\t\t<p><button id=\"submit\" class=\"wpcf7-form-control wpcf7-submit\">Envoyer<\/button>\n\t\t\t\t<\/p>\n\t\t\t<\/div>\n\t\t<\/div>\n\t<\/div>\n<\/div><div class=\"wpcf7-response-output\" aria-hidden=\"true\"><\/div>\n<\/form>\n<\/div>\n<\/div>\n\t\t\t\t\t\t<\/div>\n\t\t\t\t<\/div>\n\t\t\t\t\t<\/div>\n\t\t<\/div>\n\t\t\t\t\t<\/div>\n\t\t<\/div>\n\t\t\t\t\t<\/div>\n\t\t<\/div>\n\t\t\t\t\t<\/div>\n\t\t<\/div>\n\t\t\t\t<div class=\"elementor-section elementor-top-section elementor-element elementor-element-bad5898 elementor-section-full_width elementor-section-stretched cspt-col-stretched-none cspt-bg-color-over-image elementor-section-height-default elementor-section-height-default\" data-id=\"bad5898\" data-element_type=\"section\" data-e-type=\"section\" data-settings=\"{&quot;stretch_section&quot;:&quot;section-stretched&quot;}\">\n\t\t\t\t\t\t<div class=\"elementor-container elementor-column-gap-no\">\n\t\t\t\t\t<div class=\"elementor-column elementor-col-100 elementor-top-column elementor-element elementor-element-0053425 cspt-bg-color-over-image\" data-id=\"0053425\" data-element_type=\"column\" data-e-type=\"column\">\n\t\t\t<div class=\"elementor-widget-wrap elementor-element-populated\">\n\t\t\t\t\t\t<div class=\"elementor-element elementor-element-c94c78e elementor-widget elementor-widget-google_maps\" data-id=\"c94c78e\" data-element_type=\"widget\" data-e-type=\"widget\" data-widget_type=\"google_maps.default\">\n\t\t\t\t<div class=\"elementor-widget-container\">\n\t\t\t\t\t\t\t<div class=\"elementor-custom-embed\">\n\t\t\t<iframe loading=\"lazy\"\n\t\t\t\t\tsrc=\"https:\/\/maps.google.com\/maps?q=chauss%C3%A9e%20d%27anvers%20403%2C%201000%20bruxelles&#038;t=m&#038;z=19&#038;output=embed&#038;iwloc=near\"\n\t\t\t\t\ttitle=\"chauss\u00e9e d&#039;anvers 403, 1000 bruxelles\"\n\t\t\t\t\taria-label=\"chauss\u00e9e d&#039;anvers 403, 1000 bruxelles\"\n\t\t\t><\/iframe>\n\t\t<\/div>\n\t\t\t\t\t\t<\/div>\n\t\t\t\t<\/div>\n\t\t\t\t\t<\/div>\n\t\t<\/div>\n\t\t\t\t\t<\/div>\n\t\t<\/div>\n\t\t\t\t<\/div>\n\t\t","protected":false},"excerpt":{"rendered":"<p>Adresse \u00e9lectronique info@transformative-vision-europe.com T\u00e9l\u00e9phone +32 465 26 97 58 Si vous souhaitez nous rencontrer en personne, veuillez prendre rendez-vous via WhatsApp au num\u00e9ro ci-dessus ou en nous \u00e9crivant un courriel. Besoin de plus d&rsquo;informations ? Contactez-nous ! Nous avons h\u00e2te de vous rencontrer et de construire ensemble une communaut\u00e9 plus inclusive !<\/p>\n","protected":false},"author":1,"featured_media":0,"parent":0,"menu_order":25,"comment_status":"closed","ping_status":"closed","template":"","meta":{"_acf_changed":false,"footnotes":""},"class_list":["post-1552","page","type-page","status-publish","hentry"],"acf":[],"yoast_head":"<!-- This site is optimized with the Yoast SEO plugin v27.5 - https:\/\/yoast.com\/product\/yoast-seo-wordpress\/ -->\n<title>Nous contacter - Transformative Vision Europe<\/title>\n<meta name=\"robots\" content=\"index, follow, max-snippet:-1, max-image-preview:large, max-video-preview:-1\" \/>\n<link rel=\"canonical\" href=\"https:\/\/transformative-vision-europe.com\/fr\/nous-contacter\/\" \/>\n<meta property=\"og:locale\" content=\"fr_FR\" \/>\n<meta property=\"og:type\" content=\"article\" \/>\n<meta property=\"og:title\" content=\"Nous contacter - Transformative Vision Europe\" \/>\n<meta property=\"og:description\" content=\"Adresse \u00e9lectronique info@transformative-vision-europe.com T\u00e9l\u00e9phone +32 465 26 97 58 Si vous souhaitez nous rencontrer en personne, veuillez prendre rendez-vous via WhatsApp au num\u00e9ro ci-dessus ou en nous \u00e9crivant un courriel. Besoin de plus d&rsquo;informations ? Contactez-nous ! Nous avons h\u00e2te de vous rencontrer et de construire ensemble une communaut\u00e9 plus inclusive !\" \/>\n<meta property=\"og:url\" content=\"https:\/\/transformative-vision-europe.com\/fr\/nous-contacter\/\" \/>\n<meta property=\"og:site_name\" content=\"Transformative Vision Europe\" \/>\n<meta property=\"article:modified_time\" content=\"2026-04-30T14:52:02+00:00\" \/>\n<meta name=\"twitter:card\" content=\"summary_large_image\" \/>\n<meta name=\"twitter:label1\" content=\"Dur\u00e9e de lecture estim\u00e9e\" \/>\n\t<meta name=\"twitter:data1\" content=\"1 minute\" \/>\n<script type=\"application\/ld+json\" class=\"yoast-schema-graph\">{\"@context\":\"https:\\\/\\\/schema.org\",\"@graph\":[{\"@type\":\"WebPage\",\"@id\":\"https:\\\/\\\/transformative-vision-europe.com\\\/fr\\\/nous-contacter\\\/\",\"url\":\"https:\\\/\\\/transformative-vision-europe.com\\\/fr\\\/nous-contacter\\\/\",\"name\":\"Nous contacter - Transformative Vision Europe\",\"isPartOf\":{\"@id\":\"https:\\\/\\\/transformative-vision-europe.com\\\/fr\\\/#website\"},\"datePublished\":\"2019-06-18T06:58:53+00:00\",\"dateModified\":\"2026-04-30T14:52:02+00:00\",\"breadcrumb\":{\"@id\":\"https:\\\/\\\/transformative-vision-europe.com\\\/fr\\\/nous-contacter\\\/#breadcrumb\"},\"inLanguage\":\"fr-FR\",\"potentialAction\":[{\"@type\":\"ReadAction\",\"target\":[\"https:\\\/\\\/transformative-vision-europe.com\\\/fr\\\/nous-contacter\\\/\"]}]},{\"@type\":\"BreadcrumbList\",\"@id\":\"https:\\\/\\\/transformative-vision-europe.com\\\/fr\\\/nous-contacter\\\/#breadcrumb\",\"itemListElement\":[{\"@type\":\"ListItem\",\"position\":1,\"name\":\"Home\",\"item\":\"https:\\\/\\\/transformative-vision-europe.com\\\/fr\\\/accueil\\\/\"},{\"@type\":\"ListItem\",\"position\":2,\"name\":\"Nous contacter\"}]},{\"@type\":\"WebSite\",\"@id\":\"https:\\\/\\\/transformative-vision-europe.com\\\/fr\\\/#website\",\"url\":\"https:\\\/\\\/transformative-vision-europe.com\\\/fr\\\/\",\"name\":\"Transformative Vision Europe\",\"description\":\"Breaking misinformation for an inclusive world\",\"potentialAction\":[{\"@type\":\"SearchAction\",\"target\":{\"@type\":\"EntryPoint\",\"urlTemplate\":\"https:\\\/\\\/transformative-vision-europe.com\\\/fr\\\/?s={search_term_string}\"},\"query-input\":{\"@type\":\"PropertyValueSpecification\",\"valueRequired\":true,\"valueName\":\"search_term_string\"}}],\"inLanguage\":\"fr-FR\"}]}<\/script>\n<!-- \/ Yoast SEO plugin. -->","yoast_head_json":{"title":"Nous contacter - Transformative Vision Europe","robots":{"index":"index","follow":"follow","max-snippet":"max-snippet:-1","max-image-preview":"max-image-preview:large","max-video-preview":"max-video-preview:-1"},"canonical":"https:\/\/transformative-vision-europe.com\/fr\/nous-contacter\/","og_locale":"fr_FR","og_type":"article","og_title":"Nous contacter - Transformative Vision Europe","og_description":"Adresse \u00e9lectronique info@transformative-vision-europe.com T\u00e9l\u00e9phone +32 465 26 97 58 Si vous souhaitez nous rencontrer en personne, veuillez prendre rendez-vous via WhatsApp au num\u00e9ro ci-dessus ou en nous \u00e9crivant un courriel. Besoin de plus d&rsquo;informations ? Contactez-nous ! Nous avons h\u00e2te de vous rencontrer et de construire ensemble une communaut\u00e9 plus inclusive !","og_url":"https:\/\/transformative-vision-europe.com\/fr\/nous-contacter\/","og_site_name":"Transformative Vision Europe","article_modified_time":"2026-04-30T14:52:02+00:00","twitter_card":"summary_large_image","twitter_misc":{"Dur\u00e9e de lecture estim\u00e9e":"1 minute"},"schema":{"@context":"https:\/\/schema.org","@graph":[{"@type":"WebPage","@id":"https:\/\/transformative-vision-europe.com\/fr\/nous-contacter\/","url":"https:\/\/transformative-vision-europe.com\/fr\/nous-contacter\/","name":"Nous contacter - Transformative Vision Europe","isPartOf":{"@id":"https:\/\/transformative-vision-europe.com\/fr\/#website"},"datePublished":"2019-06-18T06:58:53+00:00","dateModified":"2026-04-30T14:52:02+00:00","breadcrumb":{"@id":"https:\/\/transformative-vision-europe.com\/fr\/nous-contacter\/#breadcrumb"},"inLanguage":"fr-FR","potentialAction":[{"@type":"ReadAction","target":["https:\/\/transformative-vision-europe.com\/fr\/nous-contacter\/"]}]},{"@type":"BreadcrumbList","@id":"https:\/\/transformative-vision-europe.com\/fr\/nous-contacter\/#breadcrumb","itemListElement":[{"@type":"ListItem","position":1,"name":"Home","item":"https:\/\/transformative-vision-europe.com\/fr\/accueil\/"},{"@type":"ListItem","position":2,"name":"Nous contacter"}]},{"@type":"WebSite","@id":"https:\/\/transformative-vision-europe.com\/fr\/#website","url":"https:\/\/transformative-vision-europe.com\/fr\/","name":"Transformative Vision Europe","description":"Breaking misinformation for an inclusive world","potentialAction":[{"@type":"SearchAction","target":{"@type":"EntryPoint","urlTemplate":"https:\/\/transformative-vision-europe.com\/fr\/?s={search_term_string}"},"query-input":{"@type":"PropertyValueSpecification","valueRequired":true,"valueName":"search_term_string"}}],"inLanguage":"fr-FR"}]}},"_links":{"self":[{"href":"https:\/\/transformative-vision-europe.com\/fr\/wp-json\/wp\/v2\/pages\/1552","targetHints":{"allow":["GET"]}}],"collection":[{"href":"https:\/\/transformative-vision-europe.com\/fr\/wp-json\/wp\/v2\/pages"}],"about":[{"href":"https:\/\/transformative-vision-europe.com\/fr\/wp-json\/wp\/v2\/types\/page"}],"author":[{"embeddable":true,"href":"https:\/\/transformative-vision-europe.com\/fr\/wp-json\/wp\/v2\/users\/1"}],"replies":[{"embeddable":true,"href":"https:\/\/transformative-vision-europe.com\/fr\/wp-json\/wp\/v2\/comments?post=1552"}],"version-history":[{"count":2,"href":"https:\/\/transformative-vision-europe.com\/fr\/wp-json\/wp\/v2\/pages\/1552\/revisions"}],"predecessor-version":[{"id":1710,"href":"https:\/\/transformative-vision-europe.com\/fr\/wp-json\/wp\/v2\/pages\/1552\/revisions\/1710"}],"wp:attachment":[{"href":"https:\/\/transformative-vision-europe.com\/fr\/wp-json\/wp\/v2\/media?parent=1552"}],"curies":[{"name":"wp","href":"https:\/\/api.w.org\/{rel}","templated":true}]}}