{"id":1550,"date":"2024-12-17T15:11:39","date_gmt":"2024-12-17T15:11:39","guid":{"rendered":"https:\/\/transformative-vision-europe.com\/mentions-legales\/"},"modified":"2026-04-30T14:25:23","modified_gmt":"2026-04-30T14:25:23","slug":"mentions-legales","status":"publish","type":"page","link":"https:\/\/transformative-vision-europe.com\/fr\/mentions-legales\/","title":{"rendered":"Mentions l\u00e9gales"},"content":{"rendered":"\t\t<div data-elementor-type=\"wp-page\" data-elementor-id=\"1550\" class=\"elementor elementor-1550 elementor-1012\">\n\t\t\t\t\t\t<section class=\"elementor-section elementor-top-section elementor-element elementor-element-7c34d66 cspt-col-stretched-none cspt-bg-color-over-image elementor-section-boxed elementor-section-height-default elementor-section-height-default\" data-id=\"7c34d66\" data-element_type=\"section\" data-e-type=\"section\">\n\t\t\t\t\t\t<div class=\"elementor-container elementor-column-gap-default\">\n\t\t\t\t\t<div class=\"elementor-column elementor-col-100 elementor-top-column elementor-element elementor-element-f727781 cspt-bg-color-over-image\" data-id=\"f727781\" data-element_type=\"column\" data-e-type=\"column\">\n\t\t\t<div class=\"elementor-widget-wrap elementor-element-populated\">\n\t\t\t\t\t\t<div class=\"elementor-element elementor-element-1ce2edb cspt-align-left elementor-widget elementor-widget-cspt_heading\" data-id=\"1ce2edb\" data-element_type=\"widget\" data-e-type=\"widget\" data-widget_type=\"cspt_heading.default\">\n\t\t\t\t<div class=\"elementor-widget-container\">\n\t\t\t\t\t\t<div class=\"cspt-heading-subheading left-align \"><h2 class=\"cspt-element-title\">\r\n\t\t\t\r\n\t\t\t\tNum\u00e9ro d'entreprise\r\n\t\t\t\r\n\t\t\t<\/h2>\r\n\t\t<h4 class=\"cspt-element-subtitle\">\r\n\t\t\t\r\n\t\t\t\tBE1013.325.643\r\n\t\t\t\r\n\t\t\t<\/h4>\r\n\t\t<\/div>\t\t\t\t<\/div>\n\t\t\t\t<\/div>\n\t\t\t\t\t<\/div>\n\t\t<\/div>\n\t\t\t\t\t<\/div>\n\t\t<\/section>\n\t\t\t\t<section class=\"elementor-section elementor-top-section elementor-element elementor-element-dea35b1 cspt-col-stretched-none cspt-bg-color-over-image elementor-section-boxed elementor-section-height-default elementor-section-height-default\" data-id=\"dea35b1\" data-element_type=\"section\" data-e-type=\"section\">\n\t\t\t\t\t\t<div class=\"elementor-container elementor-column-gap-default\">\n\t\t\t\t\t<div class=\"elementor-column elementor-col-100 elementor-top-column elementor-element elementor-element-66514fe cspt-bg-color-over-image\" data-id=\"66514fe\" data-element_type=\"column\" data-e-type=\"column\">\n\t\t\t<div class=\"elementor-widget-wrap elementor-element-populated\">\n\t\t\t\t\t\t<div class=\"elementor-element elementor-element-1bdc474 cspt-align-left elementor-widget elementor-widget-cspt_heading\" data-id=\"1bdc474\" data-element_type=\"widget\" data-e-type=\"widget\" data-widget_type=\"cspt_heading.default\">\n\t\t\t\t<div class=\"elementor-widget-container\">\n\t\t\t\t\t\t<div class=\"cspt-heading-subheading left-align \"><h2 class=\"cspt-element-title\">\r\n\t\t\t\r\n\t\t\t\tSi\u00e8ge social\r\n\t\t\t\r\n\t\t\t<\/h2>\r\n\t\t<h4 class=\"cspt-element-subtitle\">\r\n\t\t\t\r\n\t\t\t\tRue des Deux \u00c9glises 95, 1210 Saint-Josse-Ten-Noode\r\n\t\t\t\r\n\t\t\t<\/h4>\r\n\t\t<\/div>\t\t\t\t<\/div>\n\t\t\t\t<\/div>\n\t\t\t\t\t<\/div>\n\t\t<\/div>\n\t\t\t\t\t<\/div>\n\t\t<\/section>\n\t\t\t\t<section class=\"elementor-section elementor-top-section elementor-element elementor-element-c131caa cspt-col-stretched-none cspt-bg-color-over-image elementor-section-boxed elementor-section-height-default elementor-section-height-default\" data-id=\"c131caa\" data-element_type=\"section\" data-e-type=\"section\">\n\t\t\t\t\t\t<div class=\"elementor-container elementor-column-gap-default\">\n\t\t\t\t\t<div class=\"elementor-column elementor-col-100 elementor-top-column elementor-element elementor-element-c05f711 cspt-bg-color-over-image\" data-id=\"c05f711\" data-element_type=\"column\" data-e-type=\"column\">\n\t\t\t<div class=\"elementor-widget-wrap elementor-element-populated\">\n\t\t\t\t\t\t<div class=\"elementor-element elementor-element-1d76423 cspt-align-left elementor-widget elementor-widget-cspt_heading\" data-id=\"1d76423\" data-element_type=\"widget\" data-e-type=\"widget\" data-widget_type=\"cspt_heading.default\">\n\t\t\t\t<div class=\"elementor-widget-container\">\n\t\t\t\t\t\t<div class=\"cspt-heading-subheading left-align \"><h2 class=\"cspt-element-title\">\r\n\t\t\t\r\n\t\t\t\tResponsable de la publication\r\n\t\t\t\r\n\t\t\t<\/h2>\r\n\t\t<h4 class=\"cspt-element-subtitle\">\r\n\t\t\t\r\n\t\t\t\tRoberta Ragucci\r\n\t\t\t\r\n\t\t\t<\/h4>\r\n\t\t<\/div>\t\t\t\t<\/div>\n\t\t\t\t<\/div>\n\t\t\t\t\t<\/div>\n\t\t<\/div>\n\t\t\t\t\t<\/div>\n\t\t<\/section>\n\t\t\t\t<section class=\"elementor-section elementor-top-section elementor-element elementor-element-9065d2e cspt-col-stretched-none cspt-bg-color-over-image elementor-section-boxed elementor-section-height-default elementor-section-height-default\" data-id=\"9065d2e\" data-element_type=\"section\" data-e-type=\"section\">\n\t\t\t\t\t\t<div class=\"elementor-container elementor-column-gap-default\">\n\t\t\t\t\t<div class=\"elementor-column elementor-col-100 elementor-top-column elementor-element elementor-element-bbe45ba cspt-bg-color-over-image\" data-id=\"bbe45ba\" data-element_type=\"column\" data-e-type=\"column\">\n\t\t\t<div class=\"elementor-widget-wrap elementor-element-populated\">\n\t\t\t\t\t\t<div class=\"elementor-element elementor-element-23df601 cspt-align-left elementor-widget elementor-widget-cspt_heading\" data-id=\"23df601\" data-element_type=\"widget\" data-e-type=\"widget\" data-widget_type=\"cspt_heading.default\">\n\t\t\t\t<div class=\"elementor-widget-container\">\n\t\t\t\t\t\t<div class=\"cspt-heading-subheading left-align \"><h2 class=\"cspt-element-title\">\r\n\t\t\t\r\n\t\t\t\tCourriel\r\n\t\t\t\r\n\t\t\t<\/h2>\r\n\t\t<h4 class=\"cspt-element-subtitle\">\r\n\t\t\t\r\n\t\t\t\tinfo@transformative-vision-europe.com\r\n\t\t\t\r\n\t\t\t<\/h4>\r\n\t\t<\/div>\t\t\t\t<\/div>\n\t\t\t\t<\/div>\n\t\t\t\t\t<\/div>\n\t\t<\/div>\n\t\t\t\t\t<\/div>\n\t\t<\/section>\n\t\t\t\t<section class=\"elementor-section elementor-top-section elementor-element elementor-element-42120f4 cspt-col-stretched-none cspt-bg-color-over-image elementor-section-boxed elementor-section-height-default elementor-section-height-default\" data-id=\"42120f4\" data-element_type=\"section\" data-e-type=\"section\">\n\t\t\t\t\t\t<div class=\"elementor-container elementor-column-gap-default\">\n\t\t\t\t\t<div class=\"elementor-column elementor-col-100 elementor-top-column elementor-element elementor-element-cf46ac9 cspt-bg-color-over-image\" data-id=\"cf46ac9\" data-element_type=\"column\" data-e-type=\"column\">\n\t\t\t<div class=\"elementor-widget-wrap elementor-element-populated\">\n\t\t\t\t\t\t<div class=\"elementor-element elementor-element-d7b69cb cspt-align-left elementor-widget elementor-widget-cspt_heading\" data-id=\"d7b69cb\" data-element_type=\"widget\" data-e-type=\"widget\" data-widget_type=\"cspt_heading.default\">\n\t\t\t\t<div class=\"elementor-widget-container\">\n\t\t\t\t\t\t<div class=\"cspt-heading-subheading left-align \"><h2 class=\"cspt-element-title\">\r\n\t\t\t\r\n\t\t\t\tNum\u00e9ro de t\u00e9l\u00e9phone\r\n\t\t\t\r\n\t\t\t<\/h2>\r\n\t\t<h4 class=\"cspt-element-subtitle\">\r\n\t\t\t\r\n\t\t\t\t+32 465 26 97 58\r\n\t\t\t\r\n\t\t\t<\/h4>\r\n\t\t<\/div>\t\t\t\t<\/div>\n\t\t\t\t<\/div>\n\t\t\t\t\t<\/div>\n\t\t<\/div>\n\t\t\t\t\t<\/div>\n\t\t<\/section>\n\t\t\t\t<\/div>\n\t\t","protected":false},"excerpt":{"rendered":"<p>Num\u00e9ro d&rsquo;entreprise BE1013.325.643 Si\u00e8ge social Rue des Deux \u00c9glises 95, 1210 Saint-Josse-Ten-Noode Responsable de la publication Roberta Ragucci Courriel info@transformative-vision-europe.com Num\u00e9ro de t\u00e9l\u00e9phone +32 465 26 97 58<\/p>\n","protected":false},"author":1,"featured_media":0,"parent":0,"menu_order":0,"comment_status":"closed","ping_status":"closed","template":"","meta":{"_acf_changed":false,"footnotes":""},"class_list":["post-1550","page","type-page","status-publish","hentry"],"acf":[],"yoast_head":"<!-- This site is optimized with the Yoast SEO plugin v27.5 - https:\/\/yoast.com\/product\/yoast-seo-wordpress\/ -->\n<title>Mentions l\u00e9gales - Transformative Vision Europe<\/title>\n<meta name=\"robots\" content=\"index, follow, max-snippet:-1, max-image-preview:large, max-video-preview:-1\" \/>\n<link rel=\"canonical\" href=\"https:\/\/transformative-vision-europe.com\/fr\/mentions-legales\/\" \/>\n<meta property=\"og:locale\" content=\"fr_FR\" \/>\n<meta property=\"og:type\" content=\"article\" \/>\n<meta property=\"og:title\" content=\"Mentions l\u00e9gales - Transformative Vision Europe\" \/>\n<meta property=\"og:description\" content=\"Num\u00e9ro d&rsquo;entreprise BE1013.325.643 Si\u00e8ge social Rue des Deux \u00c9glises 95, 1210 Saint-Josse-Ten-Noode Responsable de la publication Roberta Ragucci Courriel info@transformative-vision-europe.com Num\u00e9ro de t\u00e9l\u00e9phone +32 465 26 97 58\" \/>\n<meta property=\"og:url\" content=\"https:\/\/transformative-vision-europe.com\/fr\/mentions-legales\/\" \/>\n<meta property=\"og:site_name\" content=\"Transformative Vision Europe\" \/>\n<meta property=\"article:modified_time\" content=\"2026-04-30T14:25:23+00:00\" \/>\n<meta name=\"twitter:card\" content=\"summary_large_image\" \/>\n<script type=\"application\/ld+json\" class=\"yoast-schema-graph\">{\"@context\":\"https:\\\/\\\/schema.org\",\"@graph\":[{\"@type\":\"WebPage\",\"@id\":\"https:\\\/\\\/transformative-vision-europe.com\\\/fr\\\/mentions-legales\\\/\",\"url\":\"https:\\\/\\\/transformative-vision-europe.com\\\/fr\\\/mentions-legales\\\/\",\"name\":\"Mentions l\u00e9gales - Transformative Vision Europe\",\"isPartOf\":{\"@id\":\"https:\\\/\\\/transformative-vision-europe.com\\\/fr\\\/#website\"},\"datePublished\":\"2024-12-17T15:11:39+00:00\",\"dateModified\":\"2026-04-30T14:25:23+00:00\",\"breadcrumb\":{\"@id\":\"https:\\\/\\\/transformative-vision-europe.com\\\/fr\\\/mentions-legales\\\/#breadcrumb\"},\"inLanguage\":\"fr-FR\",\"potentialAction\":[{\"@type\":\"ReadAction\",\"target\":[\"https:\\\/\\\/transformative-vision-europe.com\\\/fr\\\/mentions-legales\\\/\"]}]},{\"@type\":\"BreadcrumbList\",\"@id\":\"https:\\\/\\\/transformative-vision-europe.com\\\/fr\\\/mentions-legales\\\/#breadcrumb\",\"itemListElement\":[{\"@type\":\"ListItem\",\"position\":1,\"name\":\"Home\",\"item\":\"https:\\\/\\\/transformative-vision-europe.com\\\/fr\\\/accueil\\\/\"},{\"@type\":\"ListItem\",\"position\":2,\"name\":\"Mentions l\u00e9gales\"}]},{\"@type\":\"WebSite\",\"@id\":\"https:\\\/\\\/transformative-vision-europe.com\\\/fr\\\/#website\",\"url\":\"https:\\\/\\\/transformative-vision-europe.com\\\/fr\\\/\",\"name\":\"Transformative Vision Europe\",\"description\":\"Breaking misinformation for an inclusive world\",\"potentialAction\":[{\"@type\":\"SearchAction\",\"target\":{\"@type\":\"EntryPoint\",\"urlTemplate\":\"https:\\\/\\\/transformative-vision-europe.com\\\/fr\\\/?s={search_term_string}\"},\"query-input\":{\"@type\":\"PropertyValueSpecification\",\"valueRequired\":true,\"valueName\":\"search_term_string\"}}],\"inLanguage\":\"fr-FR\"}]}<\/script>\n<!-- \/ Yoast SEO plugin. -->","yoast_head_json":{"title":"Mentions l\u00e9gales - Transformative Vision Europe","robots":{"index":"index","follow":"follow","max-snippet":"max-snippet:-1","max-image-preview":"max-image-preview:large","max-video-preview":"max-video-preview:-1"},"canonical":"https:\/\/transformative-vision-europe.com\/fr\/mentions-legales\/","og_locale":"fr_FR","og_type":"article","og_title":"Mentions l\u00e9gales - Transformative Vision Europe","og_description":"Num\u00e9ro d&rsquo;entreprise BE1013.325.643 Si\u00e8ge social Rue des Deux \u00c9glises 95, 1210 Saint-Josse-Ten-Noode Responsable de la publication Roberta Ragucci Courriel info@transformative-vision-europe.com Num\u00e9ro de t\u00e9l\u00e9phone +32 465 26 97 58","og_url":"https:\/\/transformative-vision-europe.com\/fr\/mentions-legales\/","og_site_name":"Transformative Vision Europe","article_modified_time":"2026-04-30T14:25:23+00:00","twitter_card":"summary_large_image","schema":{"@context":"https:\/\/schema.org","@graph":[{"@type":"WebPage","@id":"https:\/\/transformative-vision-europe.com\/fr\/mentions-legales\/","url":"https:\/\/transformative-vision-europe.com\/fr\/mentions-legales\/","name":"Mentions l\u00e9gales - Transformative Vision Europe","isPartOf":{"@id":"https:\/\/transformative-vision-europe.com\/fr\/#website"},"datePublished":"2024-12-17T15:11:39+00:00","dateModified":"2026-04-30T14:25:23+00:00","breadcrumb":{"@id":"https:\/\/transformative-vision-europe.com\/fr\/mentions-legales\/#breadcrumb"},"inLanguage":"fr-FR","potentialAction":[{"@type":"ReadAction","target":["https:\/\/transformative-vision-europe.com\/fr\/mentions-legales\/"]}]},{"@type":"BreadcrumbList","@id":"https:\/\/transformative-vision-europe.com\/fr\/mentions-legales\/#breadcrumb","itemListElement":[{"@type":"ListItem","position":1,"name":"Home","item":"https:\/\/transformative-vision-europe.com\/fr\/accueil\/"},{"@type":"ListItem","position":2,"name":"Mentions l\u00e9gales"}]},{"@type":"WebSite","@id":"https:\/\/transformative-vision-europe.com\/fr\/#website","url":"https:\/\/transformative-vision-europe.com\/fr\/","name":"Transformative Vision Europe","description":"Breaking misinformation for an inclusive world","potentialAction":[{"@type":"SearchAction","target":{"@type":"EntryPoint","urlTemplate":"https:\/\/transformative-vision-europe.com\/fr\/?s={search_term_string}"},"query-input":{"@type":"PropertyValueSpecification","valueRequired":true,"valueName":"search_term_string"}}],"inLanguage":"fr-FR"}]}},"_links":{"self":[{"href":"https:\/\/transformative-vision-europe.com\/fr\/wp-json\/wp\/v2\/pages\/1550","targetHints":{"allow":["GET"]}}],"collection":[{"href":"https:\/\/transformative-vision-europe.com\/fr\/wp-json\/wp\/v2\/pages"}],"about":[{"href":"https:\/\/transformative-vision-europe.com\/fr\/wp-json\/wp\/v2\/types\/page"}],"author":[{"embeddable":true,"href":"https:\/\/transformative-vision-europe.com\/fr\/wp-json\/wp\/v2\/users\/1"}],"replies":[{"embeddable":true,"href":"https:\/\/transformative-vision-europe.com\/fr\/wp-json\/wp\/v2\/comments?post=1550"}],"version-history":[{"count":1,"href":"https:\/\/transformative-vision-europe.com\/fr\/wp-json\/wp\/v2\/pages\/1550\/revisions"}],"predecessor-version":[{"id":1551,"href":"https:\/\/transformative-vision-europe.com\/fr\/wp-json\/wp\/v2\/pages\/1550\/revisions\/1551"}],"wp:attachment":[{"href":"https:\/\/transformative-vision-europe.com\/fr\/wp-json\/wp\/v2\/media?parent=1550"}],"curies":[{"name":"wp","href":"https:\/\/api.w.org\/{rel}","templated":true}]}}